{"id":800,"date":"2022-07-12T11:22:36","date_gmt":"2022-07-12T14:22:36","guid":{"rendered":"https:\/\/totalmix.ind.br\/?page_id=800"},"modified":"2025-06-04T21:58:27","modified_gmt":"2025-06-05T00:58:27","slug":"politica-da-qualidade","status":"publish","type":"page","link":"https:\/\/totalmix.ind.br\/en\/politica-da-qualidade\/","title":{"rendered":"Pol\u00edtica da Qualidade e Seguran\u00e7a de Alimentos"},"content":{"rendered":"<p><strong>POL\u00cdTICA DA QUALIDADE E SEGURAN\u00c7A DE ALIMENTOS<\/strong><\/p>\n<p>Produzir e fornecer produtos com Qualidade e Seguran\u00e7a de Alimentos, atendendo suas legisla\u00e7\u00f5es, requisitos aplic\u00e1veis e expectativas dos clientes, utilizando uma comunica\u00e7\u00e3o eficaz entre as partes interessadas, proporcionando treinamentos para melhoria das compet\u00eancias de seus colaboradores, permitindo a an\u00e1lise cr\u00edtica dos objetivos do SGQSA, em um sistema orientado pelos princ\u00edpios e valores da organiza\u00e7\u00e3o e engajado em um processo de melhoria cont\u00ednua.<\/p>\n<p>Revis\u00e3o 08 \u2013 28\/07\/2023<\/p>\n<h2>Nossas certifica\u00e7\u00f5es<\/h2>\n<style>.elementor-99 .elementor-element.elementor-element-1aa1681 .jet-listing-dynamic-field__content{color:var( --e-global-color-primary );font-family:var( --e-global-typography-text-font-family ), Sans-serif;font-weight:var( --e-global-typography-text-font-weight );text-align:center;}.elementor-99 .elementor-element.elementor-element-1aa1681 .jet-listing-dynamic-field .jet-listing-dynamic-field__inline-wrap{width:auto;}.elementor-99 .elementor-element.elementor-element-1aa1681 .jet-listing-dynamic-field .jet-listing-dynamic-field__content{width:auto;}.elementor-99 .elementor-element.elementor-element-1aa1681 .jet-listing-dynamic-field{justify-content:center;}.jet-listing-item.single-jet-engine.elementor-page-99 > .elementor{width:360px;margin-left:auto;margin-right:auto;}<\/style>\n<section data-id=\"13619ce\" data-element_type=\"section\">\n<p><strong>ISO 9001:2015<\/strong><br \/>\nSistema de Gest\u00e3o da Qualidade<br \/>\n<strong>Unidades certificadas:<\/strong><br \/>\nSais Qu\u00edmicos e Dry Mixes<\/p>\n<\/section>\n<style>.elementor-99 .elementor-element.elementor-element-1aa1681 .jet-listing-dynamic-field__content{color:var( --e-global-color-primary );font-family:var( --e-global-typography-text-font-family ), Sans-serif;font-weight:var( --e-global-typography-text-font-weight );text-align:center;}.elementor-99 .elementor-element.elementor-element-1aa1681 .jet-listing-dynamic-field .jet-listing-dynamic-field__inline-wrap{width:auto;}.elementor-99 .elementor-element.elementor-element-1aa1681 .jet-listing-dynamic-field .jet-listing-dynamic-field__content{width:auto;}.elementor-99 .elementor-element.elementor-element-1aa1681 .jet-listing-dynamic-field{justify-content:center;}.jet-listing-item.single-jet-engine.elementor-page-99 > .elementor{width:360px;margin-left:auto;margin-right:auto;}<\/style>\n<section data-id=\"13619ce\" data-element_type=\"section\">\n<p style=\"text-align: center;\"><strong>FSSC 22000<\/strong><br \/>\nSistema de Gest\u00e3o de Seguran\u00e7a de Alimentos<br \/>\n<b>Unidade certificada:<\/b><br \/>\nSais Qu\u00edmicos &#8211; Desde 2020<\/p>\n<p>&nbsp;<\/p>\n<p style=\"text-align: left;\">\n\t\t<\/section>","protected":false},"excerpt":{"rendered":"<p>POL\u00cdTICA DA QUALIDADE E SEGURAN\u00c7A DE ALIMENTOS Produzir e fornecer produtos com Qualidade e Seguran\u00e7a de Alimentos, atendendo suas legisla\u00e7\u00f5es, requisitos aplic\u00e1veis e expectativas dos clientes, utilizando uma comunica\u00e7\u00e3o eficaz entre as partes interessadas, proporcionando treinamentos para melhoria das compet\u00eancias de seus colaboradores, permitindo a an\u00e1lise cr\u00edtica dos objetivos do SGQSA, em um sistema orientado [&hellip;]<\/p>","protected":false},"author":42,"featured_media":0,"parent":0,"menu_order":0,"comment_status":"closed","ping_status":"closed","template":"","meta":{"footnotes":""},"class_list":["post-800","page","type-page","status-publish","hentry"],"_links":{"self":[{"href":"https:\/\/totalmix.ind.br\/en\/wp-json\/wp\/v2\/pages\/800","targetHints":{"allow":["GET"]}}],"collection":[{"href":"https:\/\/totalmix.ind.br\/en\/wp-json\/wp\/v2\/pages"}],"about":[{"href":"https:\/\/totalmix.ind.br\/en\/wp-json\/wp\/v2\/types\/page"}],"author":[{"embeddable":true,"href":"https:\/\/totalmix.ind.br\/en\/wp-json\/wp\/v2\/users\/42"}],"replies":[{"embeddable":true,"href":"https:\/\/totalmix.ind.br\/en\/wp-json\/wp\/v2\/comments?post=800"}],"version-history":[{"count":0,"href":"https:\/\/totalmix.ind.br\/en\/wp-json\/wp\/v2\/pages\/800\/revisions"}],"wp:attachment":[{"href":"https:\/\/totalmix.ind.br\/en\/wp-json\/wp\/v2\/media?parent=800"}],"curies":[{"name":"wp","href":"https:\/\/api.w.org\/{rel}","templated":true}]}}