{"id":8,"date":"2020-08-17T14:51:02","date_gmt":"2020-08-17T17:51:02","guid":{"rendered":"https:\/\/totalmix.ind.br\/?page_id=8"},"modified":"2025-06-04T22:53:47","modified_gmt":"2025-06-05T01:53:47","slug":"contato","status":"publish","type":"page","link":"https:\/\/totalmix.ind.br\/en\/contato\/","title":{"rendered":"Contato"},"content":{"rendered":"<h2>Fale conosco<\/h2>\n<h4>Vamos conversar?<\/h4>\n<p>Queremos saber o que voc\u00ea tem a dizer, por isso criamos este espa\u00e7o especialmente para receber seus coment\u00e1rios e sugest\u00f5es al\u00e9m de esclarecer d\u00favidas. Caso queira comprar algum de nossos produtos, fique \u00e0 vontade para entrar em contato tamb\u00e9m por aqui.<\/p>\n<h3>Nossas unidades<\/h3>\n<style>.elementor-88 .elementor-element.elementor-element-5bed492 > .elementor-widget-wrap > .elementor-widget:not(.elementor-widget__width-auto):not(.elementor-widget__width-initial):not(:last-child):not(.elementor-absolute){margin-bottom:10px;}.elementor-88 .elementor-element.elementor-element-8f6db78 .elementor-heading-title{font-size:20px;}.elementor-88 .elementor-element.elementor-element-092e602 > .elementor-widget-container{margin:0px 0px -16px 0px;}<\/style>\n<section data-id=\"3787cf5\" data-element_type=\"section\">\n\t\t<\/section>\n<style>.elementor-88 .elementor-element.elementor-element-5bed492 > .elementor-widget-wrap > .elementor-widget:not(.elementor-widget__width-auto):not(.elementor-widget__width-initial):not(:last-child):not(.elementor-absolute){margin-bottom:10px;}.elementor-88 .elementor-element.elementor-element-8f6db78 .elementor-heading-title{font-size:20px;}.elementor-88 .elementor-element.elementor-element-092e602 > .elementor-widget-container{margin:0px 0px -16px 0px;}<\/style>\n<section data-id=\"3787cf5\" data-element_type=\"section\">\n\t\t<\/section>\n<style>.elementor-88 .elementor-element.elementor-element-5bed492 > .elementor-widget-wrap > .elementor-widget:not(.elementor-widget__width-auto):not(.elementor-widget__width-initial):not(:last-child):not(.elementor-absolute){margin-bottom:10px;}.elementor-88 .elementor-element.elementor-element-8f6db78 .elementor-heading-title{font-size:20px;}.elementor-88 .elementor-element.elementor-element-092e602 > .elementor-widget-container{margin:0px 0px -16px 0px;}<\/style>\n<section data-id=\"3787cf5\" data-element_type=\"section\">\n\t\t<\/section>\n<style>.elementor-88 .elementor-element.elementor-element-5bed492 > .elementor-widget-wrap > .elementor-widget:not(.elementor-widget__width-auto):not(.elementor-widget__width-initial):not(:last-child):not(.elementor-absolute){margin-bottom:10px;}.elementor-88 .elementor-element.elementor-element-8f6db78 .elementor-heading-title{font-size:20px;}.elementor-88 .elementor-element.elementor-element-092e602 > .elementor-widget-container{margin:0px 0px -16px 0px;}<\/style>\n<section data-id=\"3787cf5\" data-element_type=\"section\">\n\t\t<\/section>\n<figure><img decoding=\"async\" src=\"https:\/\/totalmix.ind.br\/wp-content\/uploads\/elementor\/thumbs\/Imagem4-p006f91ffdqjvaf9ihplwj09dw9xfdmaz1pwnalgp0.jpg\" alt=\"F\u00e1brica da Total Mix em S\u00e3o Carlos do Iva\u00ed\" title=\"\"><\/figure>\n<figure><img decoding=\"async\" src=\"https:\/\/totalmix.ind.br\/wp-content\/uploads\/elementor\/thumbs\/Imagem3-p006f83l8jp9jogmnzazc18ssiek7oikmx2f60muv8.jpg\" alt=\"F\u00e1brica da Total Mix em S\u00e3o Carlos do Iva\u00ed\" title=\"\"><\/figure>\n<figure><img decoding=\"async\" src=\"https:\/\/totalmix.ind.br\/wp-content\/uploads\/elementor\/thumbs\/Imagem2-p006f83l8jp9jogmnzazc18ssiek7oikmx2f60muv8.jpg\" alt=\"F\u00e1brica da Total Mix em S\u00e3o Carlos do Iva\u00ed\" title=\"\"><\/figure>\n<figure><img decoding=\"async\" src=\"https:\/\/totalmix.ind.br\/wp-content\/uploads\/elementor\/thumbs\/Imagem1-p006f75r1pnz82hztgwcrjhc74j6zzeuasexoqo91g.jpg\" alt=\"F\u00e1brica da Total Mix em S\u00e3o Carlos do Iva\u00ed\" title=\"\"><\/figure>","protected":false},"excerpt":{"rendered":"<p>Fale conosco Vamos conversar? Queremos saber o que voc\u00ea tem a dizer, por isso criamos este espa\u00e7o especialmente para receber seus coment\u00e1rios e sugest\u00f5es al\u00e9m de esclarecer d\u00favidas. Caso queira comprar algum de nossos produtos, fique \u00e0 vontade para entrar em contato tamb\u00e9m por aqui. Nossas unidades<\/p>","protected":false},"author":38,"featured_media":0,"parent":0,"menu_order":0,"comment_status":"closed","ping_status":"closed","template":"","meta":{"footnotes":""},"class_list":["post-8","page","type-page","status-publish","hentry"],"_links":{"self":[{"href":"https:\/\/totalmix.ind.br\/en\/wp-json\/wp\/v2\/pages\/8","targetHints":{"allow":["GET"]}}],"collection":[{"href":"https:\/\/totalmix.ind.br\/en\/wp-json\/wp\/v2\/pages"}],"about":[{"href":"https:\/\/totalmix.ind.br\/en\/wp-json\/wp\/v2\/types\/page"}],"author":[{"embeddable":true,"href":"https:\/\/totalmix.ind.br\/en\/wp-json\/wp\/v2\/users\/38"}],"replies":[{"embeddable":true,"href":"https:\/\/totalmix.ind.br\/en\/wp-json\/wp\/v2\/comments?post=8"}],"version-history":[{"count":1,"href":"https:\/\/totalmix.ind.br\/en\/wp-json\/wp\/v2\/pages\/8\/revisions"}],"predecessor-version":[{"id":1461,"href":"https:\/\/totalmix.ind.br\/en\/wp-json\/wp\/v2\/pages\/8\/revisions\/1461"}],"wp:attachment":[{"href":"https:\/\/totalmix.ind.br\/en\/wp-json\/wp\/v2\/media?parent=8"}],"curies":[{"name":"wp","href":"https:\/\/api.w.org\/{rel}","templated":true}]}}