{"id":220,"date":"2020-12-08T09:41:27","date_gmt":"2020-12-08T12:41:27","guid":{"rendered":"https:\/\/totalmix.ind.br\/?page_id=220"},"modified":"2025-06-04T21:17:32","modified_gmt":"2025-06-05T00:17:32","slug":"manifesto","status":"publish","type":"page","link":"https:\/\/totalmix.ind.br\/en\/manifesto\/","title":{"rendered":"Manifesto"},"content":{"rendered":"<h2>Manifesto<\/h2>\n<p>\t\tRepresentamos os significados da Totalmix atrav\u00e9s de uma \u00e1rvore. Por que? Por causa de sua base em a\u00e7\u00f5es sustent\u00e1veis e responsabilidade social, caracter\u00edsticas marcantes presentes em todas as empresas.\u00a0A copa da \u00e1rvore \u00e9 formada pelo \u00edcone da marca Totalmix e sua uni\u00e3o com novas folhas. Os aspirais representam os processos sustent\u00e1veis de produ\u00e7\u00e3o, e as folhas representam as a\u00e7\u00f5es de responsabilidade socioambiental. Al\u00e9m disso, a imagem no contexto geral simboliza todos os mixes de produtos, mat\u00e9rias-primas, servi\u00e7os e tamb\u00e9m a igualdade e oportunidades para todos os colaboradores. O tronco e suas ra\u00edzes representam as empresas, que s\u00e3o o alicerce e criam uma base s\u00f3lida.\u00a0E sabe qual o resultado dessa \u00e1rvore bem nutrida? Produtos e servi\u00e7os de alt\u00edssima qualidade, tudo atrav\u00e9s de extremo cuidado, rigor e responsabilidade nos processos.<\/p>","protected":false},"excerpt":{"rendered":"<p>Manifesto Representamos os significados da Totalmix atrav\u00e9s de uma \u00e1rvore. Por que? Por causa de sua base em a\u00e7\u00f5es sustent\u00e1veis e responsabilidade social, caracter\u00edsticas marcantes presentes em todas as empresas.\u00a0A copa da \u00e1rvore \u00e9 formada pelo \u00edcone da marca Totalmix e sua uni\u00e3o com novas folhas. Os aspirais representam os processos sustent\u00e1veis de produ\u00e7\u00e3o, e [&hellip;]<\/p>","protected":false},"author":38,"featured_media":0,"parent":0,"menu_order":0,"comment_status":"closed","ping_status":"closed","template":"","meta":{"footnotes":""},"class_list":["post-220","page","type-page","status-publish","hentry"],"_links":{"self":[{"href":"https:\/\/totalmix.ind.br\/en\/wp-json\/wp\/v2\/pages\/220","targetHints":{"allow":["GET"]}}],"collection":[{"href":"https:\/\/totalmix.ind.br\/en\/wp-json\/wp\/v2\/pages"}],"about":[{"href":"https:\/\/totalmix.ind.br\/en\/wp-json\/wp\/v2\/types\/page"}],"author":[{"embeddable":true,"href":"https:\/\/totalmix.ind.br\/en\/wp-json\/wp\/v2\/users\/38"}],"replies":[{"embeddable":true,"href":"https:\/\/totalmix.ind.br\/en\/wp-json\/wp\/v2\/comments?post=220"}],"version-history":[{"count":0,"href":"https:\/\/totalmix.ind.br\/en\/wp-json\/wp\/v2\/pages\/220\/revisions"}],"wp:attachment":[{"href":"https:\/\/totalmix.ind.br\/en\/wp-json\/wp\/v2\/media?parent=220"}],"curies":[{"name":"wp","href":"https:\/\/api.w.org\/{rel}","templated":true}]}}