{"id":1072,"date":"2023-06-30T16:45:46","date_gmt":"2023-06-30T19:45:46","guid":{"rendered":"https:\/\/totalmix.ind.br\/?page_id=1072"},"modified":"2025-06-04T21:59:19","modified_gmt":"2025-06-05T00:59:19","slug":"lgpd","status":"publish","type":"page","link":"https:\/\/totalmix.ind.br\/en\/politica-de-privacidade\/lgpd\/","title":{"rendered":"LGPD"},"content":{"rendered":"<p style=\"text-align: center;\">Agradecemos por utilizar nosso site e nos preocupamos com a prote\u00e7\u00e3o e privacidade de seus dados pessoais.<\/p>\n<p style=\"text-align: center;\">Conforme as diretrizes estabelecidas pela Lei Geral de Prote\u00e7\u00e3o de Dados (LGPD), estamos comprometidos em garantir a transpar\u00eancia no tratamento de suas informa\u00e7\u00f5es.<\/p>\n<p style=\"text-align: center;\"><b>Clique no link abaixo caso queira realizar uma solicita\u00e7\u00e3o referente aos seus dados pessoais tratados pela Totalmix:<\/b><\/p>\n<p style=\"text-align: center;\"><strong><a href=\"https:\/\/app.ecomply.io\/dsar\/submit?ctrl=3984&amp;token=eyJhbGciOiJIUzI1NiIsInR5cCI6IkpXVCJ9.eyJkc2FyRm9ybSI6dHJ1ZSwiY29udHJvbGxlcklkIjoiMzk4NCIsImlhdCI6MTY2MjY2NDAzNH0.sdkXaPJjj44MDVbKbCQANngzCMjpxE-o0bkPEWamfkI&amp;jur=lgpd&amp;lang=pt-BR\" target=\"_blank\" rel=\"noopener\">&lt; CLIQUE AQUI&gt;<\/a><\/strong><\/p>\n<p style=\"text-align: center;\">***voc\u00ea ser\u00e1 redirecionado para outra pagina***<\/p>","protected":false},"excerpt":{"rendered":"<p>Agradecemos por utilizar nosso site e nos preocupamos com a prote\u00e7\u00e3o e privacidade de seus dados pessoais. Conforme as diretrizes estabelecidas pela Lei Geral de Prote\u00e7\u00e3o de Dados (LGPD), estamos comprometidos em garantir a transpar\u00eancia no tratamento de suas informa\u00e7\u00f5es. Clique no link abaixo caso queira realizar uma solicita\u00e7\u00e3o referente aos seus dados pessoais tratados [&hellip;]<\/p>","protected":false},"author":42,"featured_media":0,"parent":569,"menu_order":0,"comment_status":"closed","ping_status":"closed","template":"","meta":{"footnotes":""},"class_list":["post-1072","page","type-page","status-publish","hentry"],"_links":{"self":[{"href":"https:\/\/totalmix.ind.br\/en\/wp-json\/wp\/v2\/pages\/1072","targetHints":{"allow":["GET"]}}],"collection":[{"href":"https:\/\/totalmix.ind.br\/en\/wp-json\/wp\/v2\/pages"}],"about":[{"href":"https:\/\/totalmix.ind.br\/en\/wp-json\/wp\/v2\/types\/page"}],"author":[{"embeddable":true,"href":"https:\/\/totalmix.ind.br\/en\/wp-json\/wp\/v2\/users\/42"}],"replies":[{"embeddable":true,"href":"https:\/\/totalmix.ind.br\/en\/wp-json\/wp\/v2\/comments?post=1072"}],"version-history":[{"count":0,"href":"https:\/\/totalmix.ind.br\/en\/wp-json\/wp\/v2\/pages\/1072\/revisions"}],"up":[{"embeddable":true,"href":"https:\/\/totalmix.ind.br\/en\/wp-json\/wp\/v2\/pages\/569"}],"wp:attachment":[{"href":"https:\/\/totalmix.ind.br\/en\/wp-json\/wp\/v2\/media?parent=1072"}],"curies":[{"name":"wp","href":"https:\/\/api.w.org\/{rel}","templated":true}]}}